{"id":2176,"date":"2015-04-16T12:03:30","date_gmt":"2015-04-16T10:03:30","guid":{"rendered":"http:\/\/www.laconsolata.org\/?page_id=2176"},"modified":"2022-12-31T10:09:35","modified_gmt":"2022-12-31T09:09:35","slug":"7-cappella-delle-grazie-cripta","status":"publish","type":"page","link":"https:\/\/www.laconsolata.org\/index.php\/percorso-guidato-santuario\/7-cappella-delle-grazie-cripta\/","title":{"rendered":"7 &#8211; Cappella delle Grazie (cripta)"},"content":{"rendered":"\n<p><b>CAPPELLA DELLE GRAZIE (CRIPTA) <\/b><\/p>\n\n\n\n<p>Ci troviamo nella parte destra dell\u2019ovale di sant\u2019Andrea, davanti alla cappella delle Grazie, la cripta dell\u2019antica chiesa di sant\u2019Andrea. Sopra la balconata, dalla quale \u00e8 visibile la cappella, si pu\u00f2 ammirare il dipinto raffigurante il sogno di re Arduino, opera del Morgari (1904).<\/p>\n\n\n\n<p>La tradizione, che fonda l\u2019origine del culto mariano nel ritrovamento dell\u2019immagine della Consolata da parte del cieco di Brian\u00e7on (20 Giugno 1104), che per l\u2019occasione aveva recuperato miracolosamente la vista, vede in questo ambiente uno dei possibili luoghi del ritrovamento. Questa \u00e8 la data scelta per la festa annuale della Consolata, Patrona della citt\u00e0.&nbsp; Ora la cripta \u00e8 un luogo di intensa preghiera, e ospita ogni mattina dei giorni feriali l\u2019adorazione eucaristica silenziosa dei fedeli.<\/p>\n\n\n\n<p><b>EX-VOTO<\/b><\/p>\n\n\n\n<p>Siamo anche accanto al corridoio del Crocifisso, che porta alla Galleria degli Ex-voto, ora occupata dai confessionali, quindi la \u00abpenitenzieria\u00bb tipica di ogni Santuario, luogo di riconciliazione con Dio e di guarigione spirituale. &nbsp;La Galleria fu costituita alla fine dell\u2019Ottocento, chiudendo uno dei quattro lati del chiostro.<\/p>\n\n\n\n<p>Di ex-voto oggettuali (cuori d\u2019argento, targhe votive, spalline o altri oggetti militari, fiocchi, foto, ecc.) o di ex-voto dipinti se ne trovano in ogni luogo del Santuario, ieri pi\u00f9 di oggi. Sono vere e proprie pagine di storia, semplici ed emozionanti, che raccontano tante vicissitudini (incendi, guerre, disgrazie, malattie, ecc.) dove i credenti hanno riconosciuto il Signore e la sua madre Consolatrice presente e operante in tante situazioni di sconforto e pericolo, fisico e spirituale.<\/p>\n\n\n\n<p><\/p>\n","protected":false},"excerpt":{"rendered":"<p>CAPPELLA DELLE GRAZIE (CRIPTA) <\/p>\n<p>Ci troviamo nella parte destra dell\u2019ovale di sant\u2019Andrea, davanti alla cappella delle Grazie, la cripta dell\u2019antica chiesa di sant\u2019Andrea. Sopra la balconata, dalla quale \u00e8 visibile la cappella, si pu\u00f2 ammirare il dipinto raffigurante il sogno di re Arduino, opera del Morgari (1904).<\/p>\n<p>La tradizione, che fonda l\u2019origine del culto mariano nel ritrovamento dell\u2019immagine della Consolata da parte del cieco di Brian\u00e7on (20 Giugno 1104), che per l\u2019occasione aveva recuperato miracolosamente la vista, vede in questo ambiente uno dei possibili luoghi del ritrovamento. Questa \u00e8 la data &#8230;<\/p>\n","protected":false},"author":11,"featured_media":0,"parent":2129,"menu_order":0,"comment_status":"closed","ping_status":"closed","template":"","meta":{"_exactmetrics_skip_tracking":false,"_exactmetrics_sitenote_active":false,"_exactmetrics_sitenote_note":"","_exactmetrics_sitenote_category":0,"footnotes":""},"class_list":["post-2176","page","type-page","status-publish","hentry"],"_links":{"self":[{"href":"https:\/\/www.laconsolata.org\/index.php\/wp-json\/wp\/v2\/pages\/2176"}],"collection":[{"href":"https:\/\/www.laconsolata.org\/index.php\/wp-json\/wp\/v2\/pages"}],"about":[{"href":"https:\/\/www.laconsolata.org\/index.php\/wp-json\/wp\/v2\/types\/page"}],"author":[{"embeddable":true,"href":"https:\/\/www.laconsolata.org\/index.php\/wp-json\/wp\/v2\/users\/11"}],"replies":[{"embeddable":true,"href":"https:\/\/www.laconsolata.org\/index.php\/wp-json\/wp\/v2\/comments?post=2176"}],"version-history":[{"count":4,"href":"https:\/\/www.laconsolata.org\/index.php\/wp-json\/wp\/v2\/pages\/2176\/revisions"}],"predecessor-version":[{"id":5050,"href":"https:\/\/www.laconsolata.org\/index.php\/wp-json\/wp\/v2\/pages\/2176\/revisions\/5050"}],"up":[{"embeddable":true,"href":"https:\/\/www.laconsolata.org\/index.php\/wp-json\/wp\/v2\/pages\/2129"}],"wp:attachment":[{"href":"https:\/\/www.laconsolata.org\/index.php\/wp-json\/wp\/v2\/media?parent=2176"}],"curies":[{"name":"wp","href":"https:\/\/api.w.org\/{rel}","templated":true}]}}