{"id":2178,"date":"2015-04-16T12:04:13","date_gmt":"2015-04-16T10:04:13","guid":{"rendered":"http:\/\/www.laconsolata.org\/?page_id=2178"},"modified":"2022-12-31T10:14:58","modified_gmt":"2022-12-31T09:14:58","slug":"8-cappelle-laterali-lato-destro","status":"publish","type":"page","link":"https:\/\/www.laconsolata.org\/index.php\/percorso-guidato-santuario\/8-cappelle-laterali-lato-destro\/","title":{"rendered":"8 &#8211; Cappelle del Sacro Cuore e delle Anime"},"content":{"rendered":"\n<p><b>LE CAPPELLE DEL SACRO CUORE E DELLE ANIME<\/b><\/p>\n\n\n\n<p>Accanto all\u2019altare maggiore, con l\u2019icona della Madre di Dio Consolata e Consolatrice, ci troviamo nel coretto dedicato allo scrittore e poeta italiano <b>Silvio Pellico<\/b> (1789-1854). Nel periodo in cui fu segretario del Marchese Tancredi Falletti di Barolo, veniva infatti a pregare regolarmente al Santuario. La piccola cappella \u00e8 stata ricostruita negli anni Cinquanta del XX secolo dopo il terribile bombardamento del 13 Agosto del 1943.<\/p>\n\n\n\n<p>Adiacente a questa, si trova la <b>Cappella<\/b> dedicata alle <b>anime del Purgatorio<\/b>. La tela \u00e8 del pittore torinese Luigi Morgari (1857-1935), e raffigura la Madre di Dio Consolata mentre intercede per la salvezza eterna delle anime in via di purificazione. Il pittore \u00e8 anche l\u2019autore degli affreschi delle litanie mariane, che decorano tutte e quattro le cappelle che circondano l\u2019esagono centrale.<\/p>\n\n\n\n<p>Accanto a questa, troviamo la <b>Cappella del Sacro Cuore di Ges\u00f9<\/b>, devozione che era divenuta ufficiale in tutta la Chiesa cattolica nel 1856. &nbsp;Il dipinto \u00e8 recente (1961) ed \u00e8 riconducibile alla spiritualit\u00e0 vigente proprio nel tempo in cui queste cappelle laterali venivano costruite (inizio del XX secolo).<\/p>\n\n\n\n<p><\/p>\n","protected":false},"excerpt":{"rendered":"<p>LE CAPPELLE DEL SACRO CUORE E DELLE ANIME<\/p>\n<p>Accanto all\u2019altare maggiore, con l\u2019icona della Madre di Dio Consolata e Consolatrice, ci troviamo nel coretto dedicato allo scrittore e poeta italiano Silvio Pellico (1789-1854). Nel periodo in cui fu segretario del Marchese Tancredi Falletti di Barolo, veniva infatti a pregare regolarmente al Santuario. La piccola cappella \u00e8 stata ricostruita negli anni Cinquanta del XX secolo dopo il terribile bombardamento del 13 Agosto del 1943.<\/p>\n<p>Adiacente a questa, si trova la Cappella dedicata alle anime del Purgatorio. La tela \u00e8 del pittore torinese Luigi &#8230;<\/p>\n","protected":false},"author":11,"featured_media":0,"parent":2129,"menu_order":0,"comment_status":"closed","ping_status":"closed","template":"","meta":{"_exactmetrics_skip_tracking":false,"_exactmetrics_sitenote_active":false,"_exactmetrics_sitenote_note":"","_exactmetrics_sitenote_category":0,"footnotes":""},"class_list":["post-2178","page","type-page","status-publish","hentry"],"_links":{"self":[{"href":"https:\/\/www.laconsolata.org\/index.php\/wp-json\/wp\/v2\/pages\/2178"}],"collection":[{"href":"https:\/\/www.laconsolata.org\/index.php\/wp-json\/wp\/v2\/pages"}],"about":[{"href":"https:\/\/www.laconsolata.org\/index.php\/wp-json\/wp\/v2\/types\/page"}],"author":[{"embeddable":true,"href":"https:\/\/www.laconsolata.org\/index.php\/wp-json\/wp\/v2\/users\/11"}],"replies":[{"embeddable":true,"href":"https:\/\/www.laconsolata.org\/index.php\/wp-json\/wp\/v2\/comments?post=2178"}],"version-history":[{"count":6,"href":"https:\/\/www.laconsolata.org\/index.php\/wp-json\/wp\/v2\/pages\/2178\/revisions"}],"predecessor-version":[{"id":5057,"href":"https:\/\/www.laconsolata.org\/index.php\/wp-json\/wp\/v2\/pages\/2178\/revisions\/5057"}],"up":[{"embeddable":true,"href":"https:\/\/www.laconsolata.org\/index.php\/wp-json\/wp\/v2\/pages\/2129"}],"wp:attachment":[{"href":"https:\/\/www.laconsolata.org\/index.php\/wp-json\/wp\/v2\/media?parent=2178"}],"curies":[{"name":"wp","href":"https:\/\/api.w.org\/{rel}","templated":true}]}}