{"id":2180,"date":"2015-04-16T12:04:43","date_gmt":"2015-04-16T10:04:43","guid":{"rendered":"http:\/\/www.laconsolata.org\/?page_id=2180"},"modified":"2022-12-31T10:11:28","modified_gmt":"2022-12-31T09:11:28","slug":"9-le-sacrestie","status":"publish","type":"page","link":"https:\/\/www.laconsolata.org\/index.php\/percorso-guidato-santuario\/9-le-sacrestie\/","title":{"rendered":"9 &#8211; Le sacrestie"},"content":{"rendered":"\n<p><b>LE SACRESTIE <\/b><\/p>\n\n\n\n<p>Il corridoio del Crocifisso d\u00e0 accesso alla cosiddetta <b>Sacrestia maggiore<\/b>, la pi\u00f9 ampia, ancora oggi il luogo ove i preti celebranti indossano i paramenti prima della Messa. Il rivestimento ligneo \u00e8 intagliato secondo il raffinato stile <i>rocaille<\/i> piemontese, tipico della prima met\u00e0 del Settecento, mentre i due grandi armadi sono del XVII secolo. La volta \u00e8 stata affrescata da Michele Antonio Milocco (1697-1772). Dipinti dei pittori Guala, Cervetti e Tana adornano la sala con scene dalla vita di San Bernardo, figura eminente dei Religiosi Cistercensi.<\/p>\n\n\n\n<p>Proseguendo in direzione del chiostro, si entra in uno dei vani delle sacrestie minori. Il dipinto sopra l\u2019armadio raffigurante <i>Il Padre eterno<\/i> \u00e8 del famoso pittore manierista Guglielmo Caccia, detto \u201cMoncalvo\u201d (1568-1625), originario del Monferrato. In questo luogo, forse, da solo, vestiva i paramenti l\u2019Abate o l\u2019Arcivescovo, quando veniva a celebrare in Santuario.<\/p>\n\n\n\n<p>Il terzo vano, altra sacrestia minore, prende il nome dall\u2019affresco al centro del soffitto, dedicato a san <b>Giuseppe Cafasso<\/b>. Questo affresco fu dipinto dopo i danni causati dal bombardamento del 1943. Anticamente era detta la sacrestia del \u201clavamani\u201d, per via dello splendido lavabo in marmo policromo del XVIII secolo. Notevole \u00e8 l\u2019altorilievo intarsiato di legno, probabilmente di scuola fiamminga di fine XV secolo, che rappresenta in basso l\u2019Albero di Jesse, la genealogia di Ges\u00f9 dal padre del re Davide fino a Maria e, in alto, l\u2019Adorazione dei Sapienti (magi) venuti dall\u2019Oriente. Entrambe le opere vogliono sottolineare la centralit\u00e0 e l\u2019importanza della nascita di Ges\u00f9 per la storia e la geografia del mondo. Parte del soffitto, conserva gli affreschi originali, seppur molto ridipinti, con putti e cherubini, opera di Giovanni Battista Crosato (1684-1756).<\/p>\n\n\n\n<p>Da qui si pu\u00f2 uscire nel chiostro.<\/p>\n\n\n\n<p><\/p>\n","protected":false},"excerpt":{"rendered":"<p>LE SACRESTIE <\/p>\n<p>Il corridoio del Crocifisso d\u00e0 accesso alla cosiddetta Sacrestia maggiore, la pi\u00f9 ampia, ancora oggi il luogo ove i preti celebranti indossano i paramenti prima della Messa. Il rivestimento ligneo \u00e8 intagliato secondo il raffinato stile rocaille piemontese, tipico della prima met\u00e0 del Settecento, mentre i due grandi armadi sono del XVII secolo. La volta \u00e8 stata affrescata da Michele Antonio Milocco (1697-1772). Dipinti dei pittori Guala, Cervetti e Tana adornano la sala con scene dalla vita di San Bernardo, figura eminente dei Religiosi Cistercensi.<\/p>\n<p>Proseguendo in direzione del &#8230;<\/p>\n","protected":false},"author":11,"featured_media":0,"parent":2129,"menu_order":0,"comment_status":"closed","ping_status":"open","template":"","meta":{"_exactmetrics_skip_tracking":false,"_exactmetrics_sitenote_active":false,"_exactmetrics_sitenote_note":"","_exactmetrics_sitenote_category":0,"footnotes":""},"class_list":["post-2180","page","type-page","status-publish","hentry"],"_links":{"self":[{"href":"https:\/\/www.laconsolata.org\/index.php\/wp-json\/wp\/v2\/pages\/2180"}],"collection":[{"href":"https:\/\/www.laconsolata.org\/index.php\/wp-json\/wp\/v2\/pages"}],"about":[{"href":"https:\/\/www.laconsolata.org\/index.php\/wp-json\/wp\/v2\/types\/page"}],"author":[{"embeddable":true,"href":"https:\/\/www.laconsolata.org\/index.php\/wp-json\/wp\/v2\/users\/11"}],"replies":[{"embeddable":true,"href":"https:\/\/www.laconsolata.org\/index.php\/wp-json\/wp\/v2\/comments?post=2180"}],"version-history":[{"count":3,"href":"https:\/\/www.laconsolata.org\/index.php\/wp-json\/wp\/v2\/pages\/2180\/revisions"}],"predecessor-version":[{"id":5054,"href":"https:\/\/www.laconsolata.org\/index.php\/wp-json\/wp\/v2\/pages\/2180\/revisions\/5054"}],"up":[{"embeddable":true,"href":"https:\/\/www.laconsolata.org\/index.php\/wp-json\/wp\/v2\/pages\/2129"}],"wp:attachment":[{"href":"https:\/\/www.laconsolata.org\/index.php\/wp-json\/wp\/v2\/media?parent=2180"}],"curies":[{"name":"wp","href":"https:\/\/api.w.org\/{rel}","templated":true}]}}