{"id":363,"date":"2012-11-29T17:41:14","date_gmt":"2012-11-29T16:41:14","guid":{"rendered":"http:\/\/c.voglioviaggiare.com\/?page_id=363"},"modified":"2022-08-04T15:52:10","modified_gmt":"2022-08-04T13:52:10","slug":"rivista","status":"publish","type":"page","link":"https:\/\/www.laconsolata.org\/index.php\/come-iscriversi\/rivista\/","title":{"rendered":"Rivista"},"content":{"rendered":"<p style=\"text-align: justify;\">Fin dal 1899 il Santuario stampa la sua\u00a0<strong>Rivista<\/strong>\u00a0trimestrale.\u00a0 Molte sue pagine sono una finestra privilegiata dalla quale osservare gli avvenimenti del secolo XXI. Attualmente, \u00e8 uno strumento per mantenere l&#8217;amicizia ed alimentare la devozione alla Consolata, per chi vuole crescere spiritualmente, riflettere sulla vita cristiana e conoscere le realt\u00e0 missionarie. E&#8217; indispensabile per mantenersi aggiornati sulle attivit\u00e0 del Santuario e gli incontri. La Rivista ha un canone di abbonamento modesto e si basa sulla generosit\u00e0 di chi vuole mantenere in vita questa sua espressione.<\/p>\n<p>Fai la tua offerta sul\u00a0<span style=\"color: #993300;\"><strong>ccp. n. 264101<\/strong><\/span><br \/>\nintestato a:\u00a0<strong>SANTUARIO DELLA CONSOLATA<\/strong>, indicando come causale\u00a0<strong>&#8220;Contributo Rivista &#8220;<\/strong><\/p>\n<p>oppure tramite bonifico bancario: <strong>IBAN\u00a0 <span style=\"color: #993300;\">IT 85 J 03359 01600 100000 115393<\/span><\/strong><\/p>\n<p>Email:\u00a0<a href=\"mailto:rivistasantuario@laconsolata.org\">rivistasantuario@laconsolata.org<\/a><\/p>\n<div>\n<h3><strong>Provate a sfogliarla :<\/strong><\/h3>\n<p style=\"text-align: justify;\">Dopo aver riscontrato molti pareri favorevoli per i miglioramenti gi\u00e0 apportati alla nostra rivista nel 2018, con l&#8217;inizio del 2019 abbiamo deciso, in occasione del <span style=\"color: #000000;\"><strong>compimento dei 120 anni dalla prima pubblicazione<\/strong><\/span>, di rinnovarla completamente nel formato e nella grafica nell&#8217;augurio sia di vostro gradimento e nella speranza che molti di voi possano diventare nuovi affezionati lettori abbonati.<\/p>\n<p><span style=\"color: #800000;\"><strong>Primo Trimestre: Gennaio\/Marzo 2022 <\/strong><\/span><\/p>\n<p><iframe title=\"Rivista Santuario della Consolata - Gennaio\/Marzo 2022\" src=\"https:\/\/e.issuu.com\/embed.html?u=laconsolata_to&#038;d=1_rivista_santuario_2022_per_web\" style=\"border:none; width: 500px; height: 383px;\" allow=\"clipboard-write,allow-top-navigation,allow-top-navigation-by-user-activation,allow-downloads,allow-scripts,allow-same-origin,allow-popups,allow-modals,allow-popups-to-escape-sandbox,allow-forms\"  allowfullscreen=\"true\"><\/iframe><\/p>\n<p><span style=\"color: #800000;\"><strong>Quarto Trimestre: Ottobre\/Dicembre 2021:<\/strong><\/span><\/p>\n<p><iframe title=\"Rivista Santuario della Consolata - ottobre\/dicembre 2021\" src=\"https:\/\/e.issuu.com\/embed.html?u=laconsolata_to&#038;d=4_rivista_santuario_2021\" style=\"border:none; width: 500px; height: 383px;\" allow=\"clipboard-write,allow-top-navigation,allow-top-navigation-by-user-activation,allow-downloads,allow-scripts,allow-same-origin,allow-popups,allow-modals,allow-popups-to-escape-sandbox,allow-forms\"  allowfullscreen=\"true\"><\/iframe><\/p>\n<p><span style=\"color: #800000;\"><strong>Terzo Trimestre: Luglio\/Settembre 2021:<\/strong><\/span><\/p>\n<p><iframe title=\"Rivista del Santuario della Consolata - luglio\/settembre 2021\" src=\"https:\/\/e.issuu.com\/embed.html?u=laconsolata_to&#038;d=3_rivista_santuario_2021\" style=\"border:none; width: 500px; height: 383px;\" allow=\"clipboard-write,allow-top-navigation,allow-top-navigation-by-user-activation,allow-downloads,allow-scripts,allow-same-origin,allow-popups,allow-modals,allow-popups-to-escape-sandbox,allow-forms\"  allowfullscreen=\"true\"><\/iframe><\/p>\n<p><span style=\"color: #800000;\"><strong>Secondo Trimestre: Aprile\/Giugno 2021:<\/strong><\/span><\/p>\n<p><iframe title=\"Rivista Santuario della Consolata - aprile\/giugno 2021\" src=\"https:\/\/e.issuu.com\/embed.html?u=laconsolata_to&#038;d=2_rivista_santuario_2021_per_web\" style=\"border:none; width: 500px; height: 383px;\" allow=\"clipboard-write,allow-top-navigation,allow-top-navigation-by-user-activation,allow-downloads,allow-scripts,allow-same-origin,allow-popups,allow-modals,allow-popups-to-escape-sandbox,allow-forms\"  allowfullscreen=\"true\"><\/iframe><\/p>\n<p><span style=\"color: #800000;\"><strong>Primo Trimestre: Gennaio\/Marzo 2021:<\/strong><\/span><\/p>\n<p><iframe title=\"Rivista Santuario della Consolata - gennaio\/marzo 2021\" src=\"https:\/\/e.issuu.com\/embed.html?u=laconsolata_to&#038;d=1_rivista_santuario_2021_per_web\" style=\"border:none; width: 500px; height: 383px;\" allow=\"clipboard-write,allow-top-navigation,allow-top-navigation-by-user-activation,allow-downloads,allow-scripts,allow-same-origin,allow-popups,allow-modals,allow-popups-to-escape-sandbox,allow-forms\"  allowfullscreen=\"true\"><\/iframe><\/p>\n<p><span style=\"color: #800000;\"><strong>Quarto Trimestre: Ottobre\/Dicembre 2020:<\/strong><\/span><\/p>\n<p><iframe title=\"Rivista Santuario della Consolata - ottobre\/dicembre 2020\" src=\"https:\/\/e.issuu.com\/embed.html?u=laconsolata_to&#038;d=4_rivista_santuario_2020\" style=\"border:none; width: 500px; height: 383px;\" allow=\"clipboard-write,allow-top-navigation,allow-top-navigation-by-user-activation,allow-downloads,allow-scripts,allow-same-origin,allow-popups,allow-modals,allow-popups-to-escape-sandbox,allow-forms\"  allowfullscreen=\"true\"><\/iframe><\/p>\n<p><span style=\"color: #800000;\"><strong>Terzo Trimestre: Luglio\/Settembre 2020:<\/strong><\/span><\/p>\n<p><iframe title=\"Rivista Santuario della Consolata - luglio\/settembre 2020\" src=\"https:\/\/e.issuu.com\/embed.html?u=laconsolata_to&#038;d=3_rivista_santuario_2020\" style=\"border:none; width: 500px; height: 383px;\" allow=\"clipboard-write,allow-top-navigation,allow-top-navigation-by-user-activation,allow-downloads,allow-scripts,allow-same-origin,allow-popups,allow-modals,allow-popups-to-escape-sandbox,allow-forms\"  allowfullscreen=\"true\"><\/iframe><\/p>\n<\/div>\n<p><span style=\"color: #800000;\"><strong>Secondo Trimestre: Aprile\/Giugno 2020:<\/strong><\/span><\/p>\n<p><iframe title=\"Rivista Santuario della Consolata - Aprile\/Giugno 2020\" src=\"https:\/\/e.issuu.com\/embed.html?u=laconsolata_to&#038;d=2_rivista_santuario_2020_per_web\" style=\"border:none; width: 500px; height: 383px;\" allow=\"clipboard-write,allow-top-navigation,allow-top-navigation-by-user-activation,allow-downloads,allow-scripts,allow-same-origin,allow-popups,allow-modals,allow-popups-to-escape-sandbox,allow-forms\"  allowfullscreen=\"true\"><\/iframe><\/p>\n<p><span style=\"color: #800000;\"><strong>Primo Trimestre: Gennaio\/Marzo 2020:<\/strong><\/span><\/p>\n<p><iframe title=\"Rivista Santuario della Consolata - gennaio\/marzo 2020\" src=\"https:\/\/e.issuu.com\/embed.html?u=laconsolata_to&#038;d=1_rivista_santuario_2020_per_web\" style=\"border:none; width: 500px; height: 383px;\" allow=\"clipboard-write,allow-top-navigation,allow-top-navigation-by-user-activation,allow-downloads,allow-scripts,allow-same-origin,allow-popups,allow-modals,allow-popups-to-escape-sandbox,allow-forms\"  allowfullscreen=\"true\"><\/iframe><\/p>\n<p><span style=\"color: #800000;\"><strong>Quarto Trimestre: Ottobre\/Dicembre 2019:<\/strong><\/span><\/p>\n<p><iframe title=\"Rivista Santuario della Consolata - ottobre\/dicembre 2019\" src=\"https:\/\/e.issuu.com\/embed.html?u=laconsolata_to&#038;d=4_rivista_santuario_2019_per_web\" style=\"border:none; width: 500px; height: 383px;\" allow=\"clipboard-write,allow-top-navigation,allow-top-navigation-by-user-activation,allow-downloads,allow-scripts,allow-same-origin,allow-popups,allow-modals,allow-popups-to-escape-sandbox,allow-forms\"  allowfullscreen=\"true\"><\/iframe><\/p>\n<p><span style=\"color: #800000;\"><strong>Terzo Trimestre: Luglio\/Settembre 2019:<\/strong><\/span><\/p>\n<p><iframe title=\"Rivista Santuario Consolata - luglio\/settembre 2019\" src=\"https:\/\/e.issuu.com\/embed.html?u=laconsolata_to&#038;d=3_rivista_santuario_2019\" style=\"border:none; width: 500px; height: 383px;\" allow=\"clipboard-write,allow-top-navigation,allow-top-navigation-by-user-activation,allow-downloads,allow-scripts,allow-same-origin,allow-popups,allow-modals,allow-popups-to-escape-sandbox,allow-forms\"  allowfullscreen=\"true\"><\/iframe><\/p>\n<p><span style=\"color: #800000;\"><strong>Secondo Trimestre: Aprile\/Giugno 2019:<\/strong><\/span><\/p>\n<p><iframe title=\"Rivista Santuario Consolata - aprile\/giugno 2019\" src=\"https:\/\/e.issuu.com\/embed.html?u=laconsolata_to&#038;d=2_rivista_santuario_2019\" style=\"border:none; width: 500px; height: 383px;\" allow=\"clipboard-write,allow-top-navigation,allow-top-navigation-by-user-activation,allow-downloads,allow-scripts,allow-same-origin,allow-popups,allow-modals,allow-popups-to-escape-sandbox,allow-forms\"  allowfullscreen=\"true\"><\/iframe><\/p>\n<p><span style=\"color: #800000;\"><strong>Primo Trimestre: Gennaio\/Marzo 2019:<\/strong><\/span><\/p>\n<p><iframe title=\"Rivista Santuario della Consolata - 1 trimestre 2019\" src=\"https:\/\/e.issuu.com\/embed.html?u=laconsolata_to&#038;d=1_rivista_santuario_2019_per_web\" style=\"border:none; width: 500px; height: 383px;\" allow=\"clipboard-write,allow-top-navigation,allow-top-navigation-by-user-activation,allow-downloads,allow-scripts,allow-same-origin,allow-popups,allow-modals,allow-popups-to-escape-sandbox,allow-forms\"  allowfullscreen=\"true\"><\/iframe><\/p>\n<p><strong><span style=\"color: #800000;\">Quarto Trimestre: Ottobre\/Dicembre 2018:<\/span><\/strong><\/p>\n<p><iframe title=\"Rivista Santuario Consolata - Ottobre\/Dicembre 2018\" src=\"https:\/\/e.issuu.com\/embed.html?u=laconsolata_to&#038;d=rivista_4_trimestre_2018_per_web\" style=\"border:none; width: 500px; height: 383px;\" allow=\"clipboard-write,allow-top-navigation,allow-top-navigation-by-user-activation,allow-downloads,allow-scripts,allow-same-origin,allow-popups,allow-modals,allow-popups-to-escape-sandbox,allow-forms\"  allowfullscreen=\"true\"><\/iframe><\/p>\n<div>\n<p><strong><span style=\"color: #800000;\">Terzo trimestre: Luglio\/Settembre 2018:<\/span><\/strong><\/p>\n<p><iframe title=\"Rivista Santuario Consolata - Luglio\/Settembre 2018\" src=\"https:\/\/e.issuu.com\/embed.html?u=laconsolata_to&#038;d=rivista_3_trimestre_2018\" style=\"border:none; width: 500px; height: 383px;\" allow=\"clipboard-write,allow-top-navigation,allow-top-navigation-by-user-activation,allow-downloads,allow-scripts,allow-same-origin,allow-popups,allow-modals,allow-popups-to-escape-sandbox,allow-forms\"  allowfullscreen=\"true\"><\/iframe><\/p>\n<p><strong><span style=\"color: #800000;\">Secondo trimestre: Aprile\/Giugno 2018:<\/span><\/strong><\/p>\n<\/div>\n<p><iframe title=\"&quot;Santuario della Consolata&quot; - 2 trimestre 2018\" src=\"https:\/\/e.issuu.com\/embed.html?u=laconsolata_to&#038;d=rivista_2_trimestre_2018\" style=\"border:none; width: 500px; height: 383px;\" allow=\"clipboard-write,allow-top-navigation,allow-top-navigation-by-user-activation,allow-downloads,allow-scripts,allow-same-origin,allow-popups,allow-modals,allow-popups-to-escape-sandbox,allow-forms\"  allowfullscreen=\"true\"><\/iframe><\/p>\n<div>\n<p><strong><span style=\"color: #800000;\">Primo trimestre: Gennaio\/Marzo 2018:<\/span><\/strong><\/p>\n<p style=\"text-align: justify;\">Dall&#8217;inizio del 2017, abbiamo cercato di migliorare l&#8217;impaginazione della copertina. Per chi \u00e8 un abbonato affezionato, avr\u00e0 certamente notato la ricerca di uno stile pi\u00f9 sobrio e fresco con un taglio pittorico\/artistico.<\/p>\n<p style=\"text-align: justify;\">Con il primo numero del 2018 , stiamo provando a migliorarci anche con l&#8217;impaginazione interna perch\u00e8 possa risultare pi\u00f9\u00a0ordinata e armoniosa, senza elementi decorativi superflui: le pagine, che prima cambiavano cromatismo per ogni articolo edito, saranno con soli due colori che si alterneranno tra i vari articoli, i font (ovvero il tipo di carattere) usati saranno solo pi\u00f9 due.<\/p>\n<p style=\"text-align: justify;\">Ci impegenremo perch\u00e8 la nostra rivista possa essere pi\u00f9 lineare e snella e pi\u00f9 facilemente leggibile. Nell&#8217;augurio di riuscirci, vi auguriamo una buona lettura.<\/p>\n<p><iframe title=\"&quot;Santuario della Consolata&quot; - 1 trimestre 2018\" src=\"https:\/\/e.issuu.com\/embed.html?u=laconsolata_to&#038;d=rivista_1_trimestre_2018\" style=\"border:none; width: 500px; height: 383px;\" allow=\"clipboard-write,allow-top-navigation,allow-top-navigation-by-user-activation,allow-downloads,allow-scripts,allow-same-origin,allow-popups,allow-modals,allow-popups-to-escape-sandbox,allow-forms\"  allowfullscreen=\"true\"><\/iframe><\/p>\n<\/div>\n","protected":false},"excerpt":{"rendered":"<p>Fin dal 1899 il Santuario stampa la sua\u00a0Rivista\u00a0trimestrale.\u00a0 Molte sue pagine sono una finestra privilegiata dalla quale osservare gli avvenimenti del secolo XXI. Attualmente, \u00e8 uno strumento per mantenere l&#8217;amicizia ed alimentare la devozione alla Consolata, per chi vuole crescere spiritualmente, riflettere sulla vita cristiana e conoscere le realt\u00e0 missionarie. E&#8217; indispensabile per mantenersi aggiornati sulle attivit\u00e0 del Santuario e gli incontri. La Rivista ha un canone di abbonamento modesto e si basa sulla generosit\u00e0 di chi vuole mantenere in vita questa sua espressione.<br \/>\nFai la tua offerta sul\u00a0ccp. n. 264101<br \/>\nintestato &#8230;<\/p>\n","protected":false},"author":11,"featured_media":0,"parent":43,"menu_order":0,"comment_status":"closed","ping_status":"open","template":"","meta":{"_exactmetrics_skip_tracking":false,"_exactmetrics_sitenote_active":false,"_exactmetrics_sitenote_note":"","_exactmetrics_sitenote_category":0,"footnotes":""},"class_list":["post-363","page","type-page","status-publish","hentry"],"_links":{"self":[{"href":"https:\/\/www.laconsolata.org\/index.php\/wp-json\/wp\/v2\/pages\/363"}],"collection":[{"href":"https:\/\/www.laconsolata.org\/index.php\/wp-json\/wp\/v2\/pages"}],"about":[{"href":"https:\/\/www.laconsolata.org\/index.php\/wp-json\/wp\/v2\/types\/page"}],"author":[{"embeddable":true,"href":"https:\/\/www.laconsolata.org\/index.php\/wp-json\/wp\/v2\/users\/11"}],"replies":[{"embeddable":true,"href":"https:\/\/www.laconsolata.org\/index.php\/wp-json\/wp\/v2\/comments?post=363"}],"version-history":[{"count":41,"href":"https:\/\/www.laconsolata.org\/index.php\/wp-json\/wp\/v2\/pages\/363\/revisions"}],"predecessor-version":[{"id":5172,"href":"https:\/\/www.laconsolata.org\/index.php\/wp-json\/wp\/v2\/pages\/363\/revisions\/5172"}],"up":[{"embeddable":true,"href":"https:\/\/www.laconsolata.org\/index.php\/wp-json\/wp\/v2\/pages\/43"}],"wp:attachment":[{"href":"https:\/\/www.laconsolata.org\/index.php\/wp-json\/wp\/v2\/media?parent=363"}],"curies":[{"name":"wp","href":"https:\/\/api.w.org\/{rel}","templated":true}]}}