{"id":43,"date":"2011-05-25T12:59:56","date_gmt":"2011-05-25T10:59:56","guid":{"rendered":"http:\/\/strada.voglioviaggiare.com\/?page_id=43"},"modified":"2017-01-25T18:49:21","modified_gmt":"2017-01-25T17:49:21","slug":"come-iscriversi","status":"publish","type":"page","link":"https:\/\/www.laconsolata.org\/index.php\/come-iscriversi\/","title":{"rendered":"PUBBLICAZIONI"},"content":{"rendered":"<p>Il Santuario della Consolata pubblica dal 1899 una rivista-bollettino a colori, testimone di pagine significative della storia della Basilica e della citt\u00e0 di cui la Consolata \u00e8 patrona. Inoltre, gi\u00e0 dal 2007 \u00e8 iniziata una serie di pubblicazioni, chiamati i &#8220;Quaderni della Consolata&#8221; che raccolgono le trascrizioni di conferenze formative destinate ai confessori (tema Etico-morale), conferenze di spiritualit\u00e0 e di formazione alla preghiera (soprattutto per merito del compianto mons. Giuseppe Pollano, per 40 anni al servizio della Consolata), conferenze di storia, arte ed architettura riguardanti la millenaria storia del Santuario, e le vite di alcuni santi torinesi legati alla storia della Consolata. Tra le &#8220;curiosit\u00e0&#8221; abbiamo inserito la messa completa del 23 giugno, dedicata a san Giuseppe Cafasso, sepolto in Santuario, e presto aggiungeremo altre cose. Tra i file audio omelie, conferenze bibliche tenute al Santuario, ecc. <\/p>\n","protected":false},"excerpt":{"rendered":"<p>Il Santuario della Consolata pubblica dal 1899 una rivista-bollettino a colori, testimone di pagine significative della storia della Basilica e della citt\u00e0 di cui la Consolata \u00e8 patrona. Inoltre, gi\u00e0 dal 2007 \u00e8 iniziata una serie di pubblicazioni, chiamati i &#8220;Quaderni della Consolata&#8221; che raccolgono le trascrizioni di conferenze formative destinate ai confessori (tema Etico-morale), conferenze di spiritualit\u00e0 e di formazione alla preghiera (soprattutto per merito del compianto mons. Giuseppe Pollano, per 40 anni al servizio della Consolata), conferenze di storia, arte ed architettura riguardanti la millenaria storia del Santuario, &#8230;<\/p>\n","protected":false},"author":1,"featured_media":0,"parent":0,"menu_order":2,"comment_status":"closed","ping_status":"closed","template":"","meta":{"_exactmetrics_skip_tracking":false,"_exactmetrics_sitenote_active":false,"_exactmetrics_sitenote_note":"","_exactmetrics_sitenote_category":0,"footnotes":""},"class_list":["post-43","page","type-page","status-publish","hentry"],"_links":{"self":[{"href":"https:\/\/www.laconsolata.org\/index.php\/wp-json\/wp\/v2\/pages\/43"}],"collection":[{"href":"https:\/\/www.laconsolata.org\/index.php\/wp-json\/wp\/v2\/pages"}],"about":[{"href":"https:\/\/www.laconsolata.org\/index.php\/wp-json\/wp\/v2\/types\/page"}],"author":[{"embeddable":true,"href":"https:\/\/www.laconsolata.org\/index.php\/wp-json\/wp\/v2\/users\/1"}],"replies":[{"embeddable":true,"href":"https:\/\/www.laconsolata.org\/index.php\/wp-json\/wp\/v2\/comments?post=43"}],"version-history":[{"count":10,"href":"https:\/\/www.laconsolata.org\/index.php\/wp-json\/wp\/v2\/pages\/43\/revisions"}],"predecessor-version":[{"id":3109,"href":"https:\/\/www.laconsolata.org\/index.php\/wp-json\/wp\/v2\/pages\/43\/revisions\/3109"}],"wp:attachment":[{"href":"https:\/\/www.laconsolata.org\/index.php\/wp-json\/wp\/v2\/media?parent=43"}],"curies":[{"name":"wp","href":"https:\/\/api.w.org\/{rel}","templated":true}]}}