{"id":491,"date":"2012-12-12T12:27:03","date_gmt":"2012-12-12T11:27:03","guid":{"rendered":"http:\/\/c.voglioviaggiare.com\/?page_id=491"},"modified":"2018-05-07T15:09:09","modified_gmt":"2018-05-07T13:09:09","slug":"accoglienza","status":"publish","type":"page","link":"https:\/\/www.laconsolata.org\/index.php\/lesperto-risponde\/accoglienza\/","title":{"rendered":"Accoglienza"},"content":{"rendered":"<p>Il gruppo di Volontariato si rende disponibile per:<\/p>\n<ul>\n<li><strong>visite<\/strong> guidate gratuite (anche in altre lingue)<\/li>\n<li>possibilit\u00e0 di<strong> ristorazione<\/strong> ai gruppi che organizzano un ritiro spirituale giornaliero.<\/li>\n<li>distribuzione materiale informativo<\/li>\n<li>presenza <strong>saletta ricordi<\/strong> con immaginette e souvenirs nel chiostro<\/li>\n<li>animazione liturgica e <strong>canto<\/strong><\/li>\n<\/ul>\n<p><strong>Singoli e famiglie<\/strong> potranno trovare un addetto al tavolino, a destra appena entrati in Santuario.<\/p>\n<p>Per i <strong>GRUPPI<\/strong> \u00e8 necessaria una prenotazione previa alla mail:\u00a0\u00a0 <strong><em>accoglienza.santuario@laconsolata.org<\/em><\/strong>\u00a0\u00a0 oppure chiamando lo \u00a0 <strong>+39 011 483.6125\u00a0<\/strong>\u00a0 in orari di ufficio.<\/p>\n<p><strong>N.B.<\/strong> E&#8217; possibile a chiunque entrare a far parte\u00a0 del gruppo di\u00a0 <strong>VOLONTARIATO<\/strong>, che comprende il servizio di guida, l&#8217;accoglienza ai pellegrini, il coro per il sostegno liturgico, aiuto in Archivio-Biblioteca, disponibilit\u00e0 per la presenza in sala ricordi, per la spedizione di oggetti religiosi richiesti, ecc.<\/p>\n<p>Unici requisiti: gratuit\u00e0, disponibilit\u00e0, duttilit\u00e0, fraternit\u00e0, umilt\u00e0.\u00a0 Chiamare lo +39 011 483.6125<\/p>\n<p>&nbsp;<\/p>\n<div id=\"attachment_457\" style=\"width: 310px\" class=\"wp-caption alignnone\"><a href=\"http:\/\/www.laconsolata.org\/lesperto-risponde\/accoglienza\/canon-ixus-033\/\" rel=\"attachment wp-att-457\"><img loading=\"lazy\" decoding=\"async\" aria-describedby=\"caption-attachment-457\" class=\"size-medium wp-image-457\" src=\"http:\/\/www.laconsolata.org\/wp-content\/uploads\/2012\/12\/canon-ixus-033-300x225.jpg\" alt=\"Dai tetti della Consolata \" width=\"300\" height=\"225\" srcset=\"https:\/\/www.laconsolata.org\/wp-content\/uploads\/2012\/12\/canon-ixus-033-300x225.jpg 300w, https:\/\/www.laconsolata.org\/wp-content\/uploads\/2012\/12\/canon-ixus-033-1024x768.jpg 1024w\" sizes=\"(max-width: 300px) 100vw, 300px\" \/><\/a><p id=\"caption-attachment-457\" class=\"wp-caption-text\">Dai tetti della Consolata<\/p><\/div>\n","protected":false},"excerpt":{"rendered":"<p>Il gruppo di Volontariato si rende disponibile per:<\/p>\n<p>visite guidate gratuite (anche in altre lingue)<br \/>\npossibilit\u00e0 di ristorazione ai gruppi che organizzano un ritiro spirituale giornaliero.<br \/>\ndistribuzione materiale informativo<br \/>\npresenza saletta ricordi con immaginette e souvenirs nel chiostro<br \/>\nanimazione liturgica e canto<\/p>\n<p>Singoli e famiglie potranno trovare un addetto al tavolino, a destra appena entrati in Santuario.<br \/>\nPer i GRUPPI \u00e8 necessaria una prenotazione previa alla mail:\u00a0\u00a0 accoglienza.santuario@laconsolata.org\u00a0\u00a0 oppure chiamando lo \u00a0 +39 011 483.6125\u00a0\u00a0 in orari di ufficio.<br \/>\nN.B. E&#8217; possibile a chiunque entrare a far parte\u00a0 del gruppo di\u00a0 VOLONTARIATO, che comprende il servizio di guida, &#8230;<\/p>\n","protected":false},"author":11,"featured_media":0,"parent":45,"menu_order":3,"comment_status":"closed","ping_status":"open","template":"","meta":{"_exactmetrics_skip_tracking":false,"_exactmetrics_sitenote_active":false,"_exactmetrics_sitenote_note":"","_exactmetrics_sitenote_category":0,"footnotes":""},"class_list":["post-491","page","type-page","status-publish","hentry"],"_links":{"self":[{"href":"https:\/\/www.laconsolata.org\/index.php\/wp-json\/wp\/v2\/pages\/491"}],"collection":[{"href":"https:\/\/www.laconsolata.org\/index.php\/wp-json\/wp\/v2\/pages"}],"about":[{"href":"https:\/\/www.laconsolata.org\/index.php\/wp-json\/wp\/v2\/types\/page"}],"author":[{"embeddable":true,"href":"https:\/\/www.laconsolata.org\/index.php\/wp-json\/wp\/v2\/users\/11"}],"replies":[{"embeddable":true,"href":"https:\/\/www.laconsolata.org\/index.php\/wp-json\/wp\/v2\/comments?post=491"}],"version-history":[{"count":17,"href":"https:\/\/www.laconsolata.org\/index.php\/wp-json\/wp\/v2\/pages\/491\/revisions"}],"predecessor-version":[{"id":4365,"href":"https:\/\/www.laconsolata.org\/index.php\/wp-json\/wp\/v2\/pages\/491\/revisions\/4365"}],"up":[{"embeddable":true,"href":"https:\/\/www.laconsolata.org\/index.php\/wp-json\/wp\/v2\/pages\/45"}],"wp:attachment":[{"href":"https:\/\/www.laconsolata.org\/index.php\/wp-json\/wp\/v2\/media?parent=491"}],"curies":[{"name":"wp","href":"https:\/\/api.w.org\/{rel}","templated":true}]}}