{"id":63,"date":"2011-05-25T13:06:37","date_gmt":"2011-05-25T11:06:37","guid":{"rendered":"http:\/\/strada.voglioviaggiare.com\/?page_id=63"},"modified":"2025-08-22T12:46:40","modified_gmt":"2025-08-22T10:46:40","slug":"meccanico","status":"publish","type":"page","link":"https:\/\/www.laconsolata.org\/index.php\/lesperto-risponde\/meccanico\/","title":{"rendered":"Contatti"},"content":{"rendered":"\n<p class=\"has-text-color\" style=\"color:#7a0000;font-size:24px\"><strong>SANTUARIO BASILICA LA CONSOLATA<\/strong><\/p>\n\n\n\n<p class=\"has-medium-font-size\"><strong>Via Maria Adelaide 2 &#8211; Torino<\/strong><\/p>\n\n\n\n<p class=\"has-normal-font-size\"><strong>Centralino:<\/strong>  +39 011 4836.111 &nbsp;(lun-ven&nbsp; 9 &#8211; 13&nbsp; \/&nbsp; 15 &#8211; 19)<br><strong>Sacrestia:<\/strong>     +39 011 4836.101&nbsp; (lun-dom&nbsp; 9 &#8211; 12&nbsp; \/&nbsp; 15 &#8211; 18)<\/p>\n\n\n\n<p class=\"has-text-color has-medium-font-size\" style=\"color:#ad4a04\"><strong>E-MAIL DEL SANTUARIO:<\/strong><\/p>\n\n\n\n<p class=\"has-normal-font-size\"><strong>Accoglienza pellegrini:<\/strong> <a href=\"mailto:accoglienza.santuario@laconsolata.org\">accoglienza.santuario@laconsolata.org<\/a><\/p>\n\n\n\n<p class=\"has-normal-font-size\"><strong>Economato del Santuario:<\/strong> <a href=\"mailto:economato.santuario@laconsolata.org\">economato.santuario@laconsolata.org<\/a><\/p>\n\n\n\n<p class=\"has-normal-font-size\"><strong>Economato del Convitto Ecclesiastico:<\/strong> <a href=\"mailto:economato.convitto@laconsolata.org\">economato.convitto@laconsolata.org<\/a><\/p>\n\n\n\n<p class=\"has-normal-font-size\"><strong>RAMO E.T.S. Santuario:<\/strong> <a href=\"mailto:onlus.santuario@laconsolata.org\">onlus.santuario@laconsolata.org<\/a>_<\/p>\n\n\n\n<p class=\"has-text-color has-medium-font-size\" style=\"color:#ad4a04\"><strong>YOUTUBE:<\/strong><\/p>\n\n\n\n<p style=\"font-size:15px\"><a href=\"https:\/\/www.youtube.com\/channel\/UCq8zQVbQVxq3eNWhcfKXhMQ\" target=\"_blank\" rel=\"noreferrer noopener\">https:\/\/www.youtube.com\/channel\/UCq8zQVbQVxq3eNWhcfKXhMQ<\/a><\/p>\n\n\n\n<p class=\"has-text-align-center has-very-dark-gray-color has-text-color\"> ________________________________________________ <\/p>\n\n\n\n<p class=\"has-text-color\" style=\"color:#820305;font-size:25px\"><strong>Per inviare offerte:<\/strong><\/p>\n\n\n\n<p style=\"font-size:19px\"><span style=\"color: #ff6600;\"><strong>Dall\u2019Italia:<\/strong><\/span><\/p>\n\n\n\n<p class=\"has-normal-font-size\">\u25a0 versamento sul <strong>c. c. postale n. 264101<\/strong><br>che \u00e8 allegato ad ogni numero della rivista del Santuario<\/p>\n\n\n\n<p class=\"has-normal-font-size\">\u25a0 assegno bancario o circolare di Banca Italiana <br>(inviato a mezzo assicurata) intestato:<br><strong>\u00abSantuario Beata Vergine della Consolata\u00bb<\/strong><\/p>\n\n\n\n<p class=\"has-normal-font-size\">\u25a0 Bonifico su <strong>c.c. bancario UNICREDIT<\/strong>:<br><strong>IBAN&nbsp; IT 98 S 02008 01046 000003068475<\/strong><br>specificando la destinazione: <strong>\u00abSantuario Beata Vergine <\/strong><strong>della Consolata\u00bb<\/strong><\/p>\n\n\n\n<p style=\"font-size:19px\"><strong><span style=\"color: #ff6600;\">Dall\u2019estero:<\/span><\/strong><\/p>\n\n\n\n<p class=\"has-normal-font-size\">\u25a0 unicamente con bonifico su <strong>c.c. bancario UNICREDIT<\/strong>: <br><strong>IBAN IT 98 S 02008 01046 000003068475<\/strong><br>specificando la destinazione: <strong>\u00abSantuario Beata Vergine della Consolata\u00bb<\/strong><\/p>\n\n\n\n<p class=\"has-text-align-center has-very-dark-gray-color has-text-color\"> ________________________________________________ <\/p>\n\n\n\n<p class=\"has-text-color\" style=\"color:#8e0202;font-size:23px\"><strong>RAMO E.T.S. <em>(gi\u00e0 O.N.L.U.S.)<\/em><\/strong><\/p>\n\n\n\n<p class=\"has-normal-font-size\">Si dedica alla tutela, custodia, valorizzazione e promozione del Santuario e dell&#8217;annesso Convitto Ecclesiastico e delle opere d&#8217;arte in essi custodite. Si pu\u00f2 contribuire tramite:<\/p>\n\n\n\n<p class=\"has-normal-font-size\">\u25a0 bonifico su <strong>c. c. bancario UNICREDIT<\/strong>:<br><strong>IBAN\u00a0 IT 91 A 02008 01046 000105031377<\/strong><br>specificando la destinazione: <br>\u201c<strong>Santuario B. V. della Consolata &#8211; Ramo E.T.S.<\/strong>\u201d <br>(<strong>codice fiscale 97501670018<\/strong>)<\/p>\n\n\n\n<p class=\"has-normal-font-size\">\u25a0 versamento sul <strong>c. c. postale n. 1040900498<\/strong><br>che \u00e8 allegato ad ogni invio della rivista del Santuario.<\/p>\n\n\n\n<p class=\"has-normal-font-size\">Attraverso queste operazioni quanto versato potr\u00e0 godere dei benefici fiscali nell\u2019annuale denuncia dei redditi.<\/p>\n\n\n\n<p class=\"has-text-align-center\">________________________________________________<\/p>\n\n\n\n<p class=\"has-text-color\" style=\"color:#035b86;font-size:22px\"><strong>LASCITI E DONAZIONI<\/strong><\/p>\n\n\n\n<p class=\"has-normal-font-size\">Molti affezionati devoti della Consolata esprimono la volont\u00e0 di destinare parte delle loro sostanze al Santuario perch\u00e9 possa continuare ad essere luogo accogliente e svolgere il servizio pastorale che gli \u00e8 proprio.<br>Quanto potr\u00e0 esserci destinato sar\u00e0 un prezioso dono d\u2019amore alla Vergine Consolata-Consolatrice.<br><strong>Rivolgersi direttamente al rettore del Santuario.<\/strong><\/p>\n","protected":false},"excerpt":{"rendered":"<p>SANTUARIO BASILICA LA CONSOLATA<\/p>\n<p>Via Maria Adelaide 2 &#8211; Torino<\/p>\n<p>Centralino:  +39 011 4836.111 &nbsp;(lun-ven&nbsp; 9 &#8211; 13&nbsp; \/&nbsp; 15 &#8211; 19)Sacrestia:     +39 011 4836.101&nbsp; (lun-dom&nbsp; 9 &#8211; 12&nbsp; \/&nbsp; 15 &#8211; 18)<\/p>\n<p>E-MAIL DEL SANTUARIO:<\/p>\n<p>Accoglienza pellegrini: accoglienza.santuario@laconsolata.org<\/p>\n<p>Economato del Santuario: economato.santuario@laconsolata.org<\/p>\n<p>Economato del Convitto Ecclesiastico: economato.convitto@laconsolata.org<\/p>\n<p>RAMO E.T.S. Santuario: onlus.santuario@laconsolata.org_<\/p>\n<p>YOUTUBE:<\/p>\n<p>https:\/\/www.youtube.com\/channel\/UCq8zQVbQVxq3eNWhcfKXhMQ<\/p>\n<p> ________________________________________________ <\/p>\n<p>Per inviare offerte:<\/p>\n<p>Dall\u2019Italia:<\/p>\n<p>\u25a0 versamento sul c. c. postale n. 264101che \u00e8 allegato ad ogni numero della rivista del Santuario<\/p>\n<p>\u25a0 assegno bancario o circolare di Banca Italiana (inviato a mezzo assicurata) intestato:\u00abSantuario Beata Vergine della Consolata\u00bb<\/p>\n<p>\u25a0 Bonifico su c.c. bancario &#8230;<\/p>\n","protected":false},"author":1,"featured_media":0,"parent":45,"menu_order":6,"comment_status":"closed","ping_status":"closed","template":"","meta":{"_exactmetrics_skip_tracking":false,"_exactmetrics_sitenote_active":false,"_exactmetrics_sitenote_note":"","_exactmetrics_sitenote_category":0,"footnotes":""},"class_list":["post-63","page","type-page","status-publish","hentry"],"_links":{"self":[{"href":"https:\/\/www.laconsolata.org\/index.php\/wp-json\/wp\/v2\/pages\/63"}],"collection":[{"href":"https:\/\/www.laconsolata.org\/index.php\/wp-json\/wp\/v2\/pages"}],"about":[{"href":"https:\/\/www.laconsolata.org\/index.php\/wp-json\/wp\/v2\/types\/page"}],"author":[{"embeddable":true,"href":"https:\/\/www.laconsolata.org\/index.php\/wp-json\/wp\/v2\/users\/1"}],"replies":[{"embeddable":true,"href":"https:\/\/www.laconsolata.org\/index.php\/wp-json\/wp\/v2\/comments?post=63"}],"version-history":[{"count":30,"href":"https:\/\/www.laconsolata.org\/index.php\/wp-json\/wp\/v2\/pages\/63\/revisions"}],"predecessor-version":[{"id":5582,"href":"https:\/\/www.laconsolata.org\/index.php\/wp-json\/wp\/v2\/pages\/63\/revisions\/5582"}],"up":[{"embeddable":true,"href":"https:\/\/www.laconsolata.org\/index.php\/wp-json\/wp\/v2\/pages\/45"}],"wp:attachment":[{"href":"https:\/\/www.laconsolata.org\/index.php\/wp-json\/wp\/v2\/media?parent=63"}],"curies":[{"name":"wp","href":"https:\/\/api.w.org\/{rel}","templated":true}]}}